{"id":1989,"date":"2023-01-26T10:07:16","date_gmt":"2023-01-26T09:07:16","guid":{"rendered":"https:\/\/seastar.aretis-staging.ch\/?page_id=1989"},"modified":"2024-04-17T11:27:14","modified_gmt":"2024-04-17T09:27:14","slug":"impressum","status":"publish","type":"page","link":"https:\/\/www.seastar-swimschool.ch\/en\/imprint\/","title":{"rendered":"Imprint"},"content":{"rendered":"<div data-elementor-type=\"wp-page\" data-elementor-id=\"1989\" class=\"elementor elementor-1989\" data-elementor-post-type=\"page\">\n\t\t\t\t<div class=\"elementor-element elementor-element-be1d795 e-flex e-con-boxed e-con e-parent\" data-id=\"be1d795\" data-element_type=\"container\" data-settings=\"{&quot;background_background&quot;:&quot;classic&quot;}\">\n\t\t\t\t\t<div class=\"e-con-inner\">\n\t\t<div class=\"elementor-element elementor-element-82251c0 e-con-full e-flex elementor-invisible e-con e-child\" data-id=\"82251c0\" data-element_type=\"container\" data-settings=\"{&quot;animation&quot;:&quot;fadeInDown&quot;}\">\n\t\t\t\t<div class=\"elementor-element elementor-element-46a5caf elementor-widget elementor-widget-heading\" data-id=\"46a5caf\" data-element_type=\"widget\" data-widget_type=\"heading.default\">\n\t\t\t\t<div class=\"elementor-widget-container\">\n\t\t\t\t\t<h5 class=\"elementor-heading-title elementor-size-default\">SeaStar swimming school<\/h5>\t\t\t\t<\/div>\n\t\t\t\t<\/div>\n\t\t\t\t<div class=\"elementor-element elementor-element-a1ff0ac elementor-widget elementor-widget-heading\" data-id=\"a1ff0ac\" data-element_type=\"widget\" data-widget_type=\"heading.default\">\n\t\t\t\t<div class=\"elementor-widget-container\">\n\t\t\t\t\t<h1 class=\"elementor-heading-title elementor-size-default\">Imprint<\/h1>\t\t\t\t<\/div>\n\t\t\t\t<\/div>\n\t\t\t\t<\/div>\n\t\t\t\t\t<\/div>\n\t\t\t\t<\/div>\n\t\t<div class=\"elementor-element elementor-element-4f28d8e e-flex e-con-boxed e-con e-parent\" data-id=\"4f28d8e\" data-element_type=\"container\" data-settings=\"{&quot;background_background&quot;:&quot;classic&quot;}\">\n\t\t\t\t\t<div class=\"e-con-inner\">\n\t\t<div class=\"elementor-element elementor-element-8ba5001 e-con-full e-flex e-con e-child\" data-id=\"8ba5001\" data-element_type=\"container\">\n\t\t<div class=\"elementor-element elementor-element-bf38d01 e-con-full e-flex e-con e-child\" data-id=\"bf38d01\" data-element_type=\"container\">\n\t\t<div class=\"elementor-element elementor-element-b6082a4 e-con-full e-flex e-con e-child\" data-id=\"b6082a4\" data-element_type=\"container\">\n\t\t\t\t<div class=\"elementor-element elementor-element-f81428f elementor-widget elementor-widget-text-editor\" data-id=\"f81428f\" data-element_type=\"widget\" data-widget_type=\"text-editor.default\">\n\t\t\t\t<div class=\"elementor-widget-container\">\n\t\t\t\t\t\t\t\t\t<h4>Contact address<\/h4><p>SeaStar swimming school<br \/>Tellistrasse 80<br \/>5000 Aarau<\/p><h4>Authorized representatives<\/h4><p>Johanne Ostrov-Ineichen<\/p><h4>Website design &amp; programming<\/h4><p>The website was programmed by the aretis web agency.<\/p><p><a href=\"https:\/\/www.aretis.ch\/webdesign-webmaster-brugg\/\" target=\"_blank\" rel=\"noopener\">aretis\u00ae web agency &amp; web design<\/a><\/p>\t\t\t\t\t\t\t\t<\/div>\n\t\t\t\t<\/div>\n\t\t\t\t<\/div>\n\t\t<div class=\"elementor-element elementor-element-21145ea e-con-full e-flex e-con e-child\" data-id=\"21145ea\" data-element_type=\"container\">\n\t\t\t\t<div class=\"elementor-element elementor-element-9e53b29 elementor-widget elementor-widget-text-editor\" data-id=\"9e53b29\" data-element_type=\"widget\" data-widget_type=\"text-editor.default\">\n\t\t\t\t<div class=\"elementor-widget-container\">\n\t\t\t\t\t\t\t\t\t<h4>Disclaimer<\/h4>\nThe author accepts no liability whatsoever for the correctness, accuracy, up-to-dateness, reliability and completeness of the information. Liability claims against the author for material or immaterial damage resulting from access to or use or non-use of the published information, misuse of the connection or technical faults are excluded. All offers are non-binding. The author expressly reserves the right to change, supplement or delete parts of the pages or the entire offer without prior notice or to cease publication temporarily or permanently.\n<h4>Liability for links<\/h4>\nReferences and links to third-party websites are outside our area of responsibility. We accept no responsibility for such websites. Access to and use of such websites is at the user's own risk.\n<h4>Copyrights<\/h4>\nThe copyright and all other rights to content, images, photos or other files on the website belong exclusively to SeaStar Swimming School or the specifically named rights holders. The written consent of the copyright holders must be obtained in advance for the reproduction of any elements.\n<h4>Data protection<\/h4>\nSeaStar Swimming School complies with the current Data Protection Act. Please note our <a href=\"https:\/\/www.seastar-swimschool.ch\/en\/data-protection\/\">Data protection guideline -&gt;<\/a>\t\t\t\t\t\t\t\t<\/div>\n\t\t\t\t<\/div>\n\t\t\t\t<\/div>\n\t\t\t\t<\/div>\n\t\t\t\t<\/div>\n\t\t\t\t\t<\/div>\n\t\t\t\t<\/div>\n\t\t\t\t<\/div>","protected":false},"excerpt":{"rendered":"<p>Swimming School SeaStar Imprint Contact address Swimming School SeaStarTellistrasse 805000 Aarau Authorized representatives Johanne Ostrov-Ineichen Website Design &amp; Programming The website was programmed by the aretis web agency. aretis\u00ae web agency &amp; web design Disclaimer The author assumes no liability whatsoever with regard to the correctness, accuracy, topicality, reliability and completeness of the information provided. Liability claims against the author for damages of a material or immaterial nature, which [...]<\/p>","protected":false},"author":1,"featured_media":0,"parent":0,"menu_order":9,"comment_status":"closed","ping_status":"closed","template":"","meta":{"footnotes":""},"folder":[],"class_list":["post-1989","page","type-page","status-publish","hentry"],"yoast_head":"<!-- This site is optimized with the Yoast SEO plugin v27.5 - https:\/\/yoast.com\/product\/yoast-seo-wordpress\/ -->\n<title>Impressum - SeaStar Swim School<\/title>\n<meta name=\"robots\" content=\"index, follow, max-snippet:-1, max-image-preview:large, max-video-preview:-1\" \/>\n<link rel=\"canonical\" href=\"https:\/\/www.seastar-swimschool.ch\/en\/imprint\/\" \/>\n<meta property=\"og:locale\" content=\"en_US\" \/>\n<meta property=\"og:type\" content=\"article\" \/>\n<meta property=\"og:title\" content=\"Impressum - SeaStar Swim School\" \/>\n<meta property=\"og:description\" content=\"Schwimmschule SeaStar Impressum Kontaktadresse Schwimmschule SeaStarTellistrasse 805000 Aarau Vertretungsberechtigte Personen Johanne Ostrov-Ineichen Webseite Design &amp; Programmierung Die Webseite wurde von der aretis-Webagentur programmiert. aretis\u00ae Webagentur &amp; Webdesign Haftungsausschluss Der Autor \u00fcbernimmt keinerlei Gew\u00e4hr hinsichtlich der inhaltlichen Richtigkeit, Genauigkeit, Aktualit\u00e4t, Zuverl\u00e4ssigkeit und Vollst\u00e4ndigkeit der Informationen. Haftungsanspr\u00fcche gegen den Autor wegen Sch\u00e4den materieller oder immaterieller Art, welche [&hellip;]\" \/>\n<meta property=\"og:url\" content=\"https:\/\/www.seastar-swimschool.ch\/en\/imprint\/\" \/>\n<meta property=\"og:site_name\" content=\"SeaStar Swim School\" \/>\n<meta property=\"article:modified_time\" content=\"2024-04-17T09:27:14+00:00\" \/>\n<meta name=\"twitter:card\" content=\"summary_large_image\" \/>\n<meta name=\"twitter:label1\" content=\"Est. reading time\" \/>\n\t<meta name=\"twitter:data1\" content=\"2 minutes\" \/>\n<script type=\"application\/ld+json\" class=\"yoast-schema-graph\">{\"@context\":\"https:\\\/\\\/schema.org\",\"@graph\":[{\"@type\":\"WebPage\",\"@id\":\"https:\\\/\\\/www.seastar-swimschool.ch\\\/impressum\\\/\",\"url\":\"https:\\\/\\\/www.seastar-swimschool.ch\\\/impressum\\\/\",\"name\":\"Impressum - SeaStar Swim School\",\"isPartOf\":{\"@id\":\"https:\\\/\\\/www.seastar-swimschool.ch\\\/#website\"},\"datePublished\":\"2023-01-26T09:07:16+00:00\",\"dateModified\":\"2024-04-17T09:27:14+00:00\",\"breadcrumb\":{\"@id\":\"https:\\\/\\\/www.seastar-swimschool.ch\\\/impressum\\\/#breadcrumb\"},\"inLanguage\":\"en-US\",\"potentialAction\":[{\"@type\":\"ReadAction\",\"target\":[\"https:\\\/\\\/www.seastar-swimschool.ch\\\/impressum\\\/\"]}]},{\"@type\":\"BreadcrumbList\",\"@id\":\"https:\\\/\\\/www.seastar-swimschool.ch\\\/impressum\\\/#breadcrumb\",\"itemListElement\":[{\"@type\":\"ListItem\",\"position\":1,\"name\":\"Startseite\",\"item\":\"https:\\\/\\\/www.seastar-swimschool.ch\\\/\"},{\"@type\":\"ListItem\",\"position\":2,\"name\":\"Impressum\"}]},{\"@type\":\"WebSite\",\"@id\":\"https:\\\/\\\/www.seastar-swimschool.ch\\\/#website\",\"url\":\"https:\\\/\\\/www.seastar-swimschool.ch\\\/\",\"name\":\"SeaStar Swim School\",\"description\":\"\",\"publisher\":{\"@id\":\"https:\\\/\\\/www.seastar-swimschool.ch\\\/#organization\"},\"potentialAction\":[{\"@type\":\"SearchAction\",\"target\":{\"@type\":\"EntryPoint\",\"urlTemplate\":\"https:\\\/\\\/www.seastar-swimschool.ch\\\/?s={search_term_string}\"},\"query-input\":{\"@type\":\"PropertyValueSpecification\",\"valueRequired\":true,\"valueName\":\"search_term_string\"}}],\"inLanguage\":\"en-US\"},{\"@type\":\"Organization\",\"@id\":\"https:\\\/\\\/www.seastar-swimschool.ch\\\/#organization\",\"name\":\"SeaStar Swim School\",\"url\":\"https:\\\/\\\/www.seastar-swimschool.ch\\\/\",\"logo\":{\"@type\":\"ImageObject\",\"inLanguage\":\"en-US\",\"@id\":\"https:\\\/\\\/www.seastar-swimschool.ch\\\/#\\\/schema\\\/logo\\\/image\\\/\",\"url\":\"https:\\\/\\\/www.seastar-swimschool.ch\\\/wp-content\\\/uploads\\\/2023\\\/01\\\/logo.png\",\"contentUrl\":\"https:\\\/\\\/www.seastar-swimschool.ch\\\/wp-content\\\/uploads\\\/2023\\\/01\\\/logo.png\",\"width\":326,\"height\":153,\"caption\":\"SeaStar Swim School\"},\"image\":{\"@id\":\"https:\\\/\\\/www.seastar-swimschool.ch\\\/#\\\/schema\\\/logo\\\/image\\\/\"}}]}<\/script>\n<!-- \/ Yoast SEO plugin. -->","yoast_head_json":{"title":"Impressum - SeaStar Swim School","robots":{"index":"index","follow":"follow","max-snippet":"max-snippet:-1","max-image-preview":"max-image-preview:large","max-video-preview":"max-video-preview:-1"},"canonical":"https:\/\/www.seastar-swimschool.ch\/en\/imprint\/","og_locale":"en_US","og_type":"article","og_title":"Impressum - SeaStar Swim School","og_description":"Schwimmschule SeaStar Impressum Kontaktadresse Schwimmschule SeaStarTellistrasse 805000 Aarau Vertretungsberechtigte Personen Johanne Ostrov-Ineichen Webseite Design &amp; Programmierung Die Webseite wurde von der aretis-Webagentur programmiert. aretis\u00ae Webagentur &amp; Webdesign Haftungsausschluss Der Autor \u00fcbernimmt keinerlei Gew\u00e4hr hinsichtlich der inhaltlichen Richtigkeit, Genauigkeit, Aktualit\u00e4t, Zuverl\u00e4ssigkeit und Vollst\u00e4ndigkeit der Informationen. Haftungsanspr\u00fcche gegen den Autor wegen Sch\u00e4den materieller oder immaterieller Art, welche [&hellip;]","og_url":"https:\/\/www.seastar-swimschool.ch\/en\/imprint\/","og_site_name":"SeaStar Swim School","article_modified_time":"2024-04-17T09:27:14+00:00","twitter_card":"summary_large_image","twitter_misc":{"Est. reading time":"2 minutes"},"schema":{"@context":"https:\/\/schema.org","@graph":[{"@type":"WebPage","@id":"https:\/\/www.seastar-swimschool.ch\/impressum\/","url":"https:\/\/www.seastar-swimschool.ch\/impressum\/","name":"Impressum - SeaStar Swim School","isPartOf":{"@id":"https:\/\/www.seastar-swimschool.ch\/#website"},"datePublished":"2023-01-26T09:07:16+00:00","dateModified":"2024-04-17T09:27:14+00:00","breadcrumb":{"@id":"https:\/\/www.seastar-swimschool.ch\/impressum\/#breadcrumb"},"inLanguage":"en-US","potentialAction":[{"@type":"ReadAction","target":["https:\/\/www.seastar-swimschool.ch\/impressum\/"]}]},{"@type":"BreadcrumbList","@id":"https:\/\/www.seastar-swimschool.ch\/impressum\/#breadcrumb","itemListElement":[{"@type":"ListItem","position":1,"name":"Startseite","item":"https:\/\/www.seastar-swimschool.ch\/"},{"@type":"ListItem","position":2,"name":"Impressum"}]},{"@type":"WebSite","@id":"https:\/\/www.seastar-swimschool.ch\/#website","url":"https:\/\/www.seastar-swimschool.ch\/","name":"SeaStar Swim School","description":"","publisher":{"@id":"https:\/\/www.seastar-swimschool.ch\/#organization"},"potentialAction":[{"@type":"SearchAction","target":{"@type":"EntryPoint","urlTemplate":"https:\/\/www.seastar-swimschool.ch\/?s={search_term_string}"},"query-input":{"@type":"PropertyValueSpecification","valueRequired":true,"valueName":"search_term_string"}}],"inLanguage":"en-US"},{"@type":"Organization","@id":"https:\/\/www.seastar-swimschool.ch\/#organization","name":"SeaStar Swim School","url":"https:\/\/www.seastar-swimschool.ch\/","logo":{"@type":"ImageObject","inLanguage":"en-US","@id":"https:\/\/www.seastar-swimschool.ch\/#\/schema\/logo\/image\/","url":"https:\/\/www.seastar-swimschool.ch\/wp-content\/uploads\/2023\/01\/logo.png","contentUrl":"https:\/\/www.seastar-swimschool.ch\/wp-content\/uploads\/2023\/01\/logo.png","width":326,"height":153,"caption":"SeaStar Swim School"},"image":{"@id":"https:\/\/www.seastar-swimschool.ch\/#\/schema\/logo\/image\/"}}]}},"_links":{"self":[{"href":"https:\/\/www.seastar-swimschool.ch\/en\/wp-json\/wp\/v2\/pages\/1989","targetHints":{"allow":["GET"]}}],"collection":[{"href":"https:\/\/www.seastar-swimschool.ch\/en\/wp-json\/wp\/v2\/pages"}],"about":[{"href":"https:\/\/www.seastar-swimschool.ch\/en\/wp-json\/wp\/v2\/types\/page"}],"author":[{"embeddable":true,"href":"https:\/\/www.seastar-swimschool.ch\/en\/wp-json\/wp\/v2\/users\/1"}],"replies":[{"embeddable":true,"href":"https:\/\/www.seastar-swimschool.ch\/en\/wp-json\/wp\/v2\/comments?post=1989"}],"version-history":[{"count":5,"href":"https:\/\/www.seastar-swimschool.ch\/en\/wp-json\/wp\/v2\/pages\/1989\/revisions"}],"predecessor-version":[{"id":5306,"href":"https:\/\/www.seastar-swimschool.ch\/en\/wp-json\/wp\/v2\/pages\/1989\/revisions\/5306"}],"wp:attachment":[{"href":"https:\/\/www.seastar-swimschool.ch\/en\/wp-json\/wp\/v2\/media?parent=1989"}],"wp:term":[{"taxonomy":"folder","embeddable":true,"href":"https:\/\/www.seastar-swimschool.ch\/en\/wp-json\/wp\/v2\/folder?post=1989"}],"curies":[{"name":"wp","href":"https:\/\/api.w.org\/{rel}","templated":true}]}}